{"id":1027,"date":"2024-09-25T08:37:24","date_gmt":"2024-09-25T08:37:24","guid":{"rendered":"https:\/\/cafeteriabluewave.com\/?page_id=1027"},"modified":"2025-04-21T20:38:59","modified_gmt":"2025-04-21T20:38:59","slug":"carta","status":"publish","type":"page","link":"http:\/\/cafeteriabluewave.com\/de\/carta\/","title":{"rendered":"Carta"},"content":{"rendered":"<ul>\n<li>\n<p>        <img decoding=\"async\" src=\"\/wp-content\/uploads\/2024\/09\/banner-bowl-scaled.jpg\" alt=\"\"><\/p>\n<h6>DESAYUNOS<\/h6>\n<p>El bocado perfecto para empezar el d\u00eda<\/p>\n<p><a href=\"\/desayunos\/\"><\/a><\/p>\n<\/li>\n<li>\n<p>        <img decoding=\"async\" src=\"\/wp-content\/uploads\/2024\/09\/banner-ensaladilla-scaled.jpg\" alt=\"\"><\/p>\n<h6>TAPAS<\/h6>\n<p>Sabores que invitan a compartir<\/p>\n<p><a href=\"\/tapas\/\"><\/a><\/p>\n<\/li>\n<li>\n<p>        <img decoding=\"async\" src=\"\/wp-content\/uploads\/2024\/09\/banner-cafe-scaled.jpg\" alt=\"\"><\/p>\n<h6>BEBIDAS CALIENTES<\/h6>\n<p>El coraz\u00f3n de nuestra cafeter\u00eda<\/p>\n<p><a href=\"\/bebidas-calientes\/\"><\/a><\/p>\n<\/li>\n<li>\n<p>        <img decoding=\"async\" src=\"\/wp-content\/uploads\/2024\/09\/banner-matcha-scaled.jpg\" alt=\"\"><\/p>\n<h6>BEBIDAS FR\u00cdAS<\/h6>\n<p>Un respiro refrescante para cada momento<\/p>\n<p><a href=\"\/bebidas-frias\/\"><\/a><\/p>\n<\/li>\n<li>\n<p>        <img decoding=\"async\" src=\"\/wp-content\/uploads\/2024\/09\/banner-alcohol-scaled.jpg\" alt=\"\"><\/p>\n<h6>BEBIDAS ALCOH\u00d3LICAS<\/h6>\n<p>Sabores intensos para celebrar cada instante<\/p>\n<p><a href=\"\/bebidas-alcoholicas\/\"><\/a><\/p>\n<\/li>\n<li>\n<p>        <img decoding=\"async\" src=\"\/wp-content\/uploads\/2025\/04\/bowl-para-llevar-5.jpg\" alt=\"\"><\/p>\n<h6>Para llevar<\/h6>\n<p>Blue Wave te acompa\u00f1a a donde vayas<\/p>\n<p><a href=\"\/para-llevar\/\"><\/a><\/p>\n<\/li>\n<\/ul>\n<p><!--more--><br \/>\n<!-- {\"type\":\"layout\",\"children\":[{\"type\":\"section\",\"props\":{\"image_position\":\"center-center\",\"padding_remove_bottom\":true,\"padding_remove_horizontal\":true,\"padding_remove_top\":true,\"style\":\"default\",\"title_breakpoint\":\"xl\",\"title_position\":\"top-left\",\"title_rotation\":\"left\",\"vertical_align\":\"middle\",\"width\":\"default\"},\"children\":[{\"type\":\"row\",\"children\":[{\"type\":\"column\",\"props\":{\"image_position\":\"center-center\",\"position_sticky_breakpoint\":\"m\"},\"children\":[{\"type\":\"gallery\",\"props\":{\"animation\":\"slide-bottom-small\",\"container_padding_remove\":true,\"content_margin\":\"remove\",\"filter_align\":\"left\",\"filter_all\":true,\"filter_grid_breakpoint\":\"m\",\"filter_grid_width\":\"auto\",\"filter_position\":\"top\",\"filter_style\":\"tab\",\"grid_column_gap\":\"collapse\",\"grid_default\":\"1\",\"grid_medium\":\"\",\"grid_parallax\":\"300\",\"grid_row_gap\":\"collapse\",\"image_height\":500,\"image_loading\":false,\"image_min_height\":\"250\",\"image_transition\":\"scale-up\",\"image_width\":1320,\"item_animation\":true,\"lightbox\":false,\"lightbox_bg_close\":true,\"lightbox_image_orientation\":false,\"link_style\":\"default\",\"link_text\":\"\",\"margin\":\"remove-vertical\",\"meta_align\":\"below-title\",\"meta_element\":\"h6\",\"meta_margin\":\"small\",\"meta_style\":\"h6\",\"overlay_hover\":false,\"overlay_link\":true,\"overlay_mode\":\"cover\",\"overlay_padding\":\"small\",\"overlay_position\":\"center\",\"overlay_style\":\"\",\"overlay_transition\":\"fade\",\"parallax_easing\":\"1\",\"show_content\":true,\"show_hover_image\":true,\"show_hover_video\":true,\"show_link\":true,\"show_meta\":true,\"show_title\":true,\"text_align\":\"center\",\"text_blend\":false,\"text_color\":\"light\",\"text_color_hover\":false,\"title_element\":\"h6\",\"title_hover_style\":\"reset\",\"title_style\":\"heading-small\"},\"children\":[{\"type\":\"gallery_item\",\"props\":{\"content\":\"\",\"hover_image\":\"\",\"image\":\"wp-content\\\/uploads\\\/2024\\\/09\\\/banner-bowl-scaled.jpg\",\"link\":\"desayunos\\\/\",\"link_de_de\":\"de\\\/desayunos\\\/\",\"link_en_gb\":\"en\\\/desayunos\\\/\",\"link_fr_fr\":\"fr\\\/desayunos\\\/\",\"media_overlay\":\"rgba(0, 0, 0, 0.19)\",\"meta\":\"El bocado perfecto para empezar el d\\u00eda\",\"meta_de_de\":\"Der perfekte Start in den Tag\",\"meta_en_gb\":\"The perfect snack to start the day\",\"meta_fr_fr\":\"Le parfait en-cas pour bien commencer la journ\\u00e9e\",\"text_color_hover\":true,\"title\":\"DESAYUNOS\",\"title_de_de\":\"FR\\u00dcHST\\u00dcCKE\",\"title_en_gb\":\"BREAKFAST\",\"title_fr_fr\":\"PETITS D\\u00c9JEUNERS\"}},{\"type\":\"gallery_item\",\"props\":{\"hover_image\":\"\",\"image\":\"wp-content\\\/uploads\\\/2024\\\/09\\\/banner-ensaladilla-scaled.jpg\",\"link\":\"tapas\\\/\",\"link_de_de\":\"de\\\/tapas\\\/\",\"link_en_gb\":\"en\\\/tapas\\\/\",\"link_fr_fr\":\"fr\\\/tapas\\\/\",\"media_overlay\":\"rgba(0, 0, 0, 0.19)\",\"meta\":\"Sabores que invitan a compartir\",\"meta_de_de\":\"Aromen, die zum Teilen einladen\",\"meta_en_gb\":\"Flavours that invite sharing\",\"meta_fr_fr\":\"Des saveurs qui invitent au partage\",\"title\":\"TAPAS\",\"title_de_de\":\"TAPAS\",\"title_en_gb\":\"TAPAS\",\"title_fr_fr\":\"TAPAS\"}},{\"type\":\"gallery_item\",\"props\":{\"hover_image\":\"\",\"image\":\"wp-content\\\/uploads\\\/2024\\\/09\\\/banner-cafe-scaled.jpg\",\"link\":\"bebidas-calientes\\\/\",\"link_de_de\":\"de\\\/bebidas-calientes\\\/\",\"link_en_gb\":\"en\\\/bebidas-calientes\\\/\",\"link_fr_fr\":\"fr\\\/bebidas-calientes\\\/\",\"media_overlay\":\"rgba(0, 0, 0, 0.19)\",\"meta\":\"El coraz\\u00f3n de nuestra cafeter\\u00eda\",\"meta_de_de\":\"Das Herzst\\u00fcck unserer Cafeteria\",\"meta_en_gb\":\"The heart of our cafeteria\",\"meta_fr_fr\":\"Le c\\u0153ur de notre caf\\u00e9t\\u00e9ria\",\"title\":\"BEBIDAS CALIENTES\",\"title_de_de\":\"WARME GETR\\u00c4NKE\",\"title_en_gb\":\"HOT DRINKS\",\"title_fr_fr\":\"BOISSONS CHAUDES\"}},{\"type\":\"gallery_item\",\"props\":{\"hover_image\":\"\",\"image\":\"wp-content\\\/uploads\\\/2024\\\/09\\\/banner-matcha-scaled.jpg\",\"link\":\"bebidas-frias\\\/\",\"link_de_de\":\"de\\\/bebidas-frias\\\/\",\"link_en_gb\":\"en\\\/bebidas-frias\\\/\",\"link_fr_fr\":\"fr\\\/bebidas-frias\\\/\",\"media_overlay\":\"rgba(61, 61, 61, 0.19)\",\"meta\":\"Un respiro refrescante para cada momento\",\"meta_de_de\":\"Eine erfrischende Abwechslung f\\u00fcr jeden Moment\",\"meta_en_gb\":\"A refreshing break for every moment\",\"meta_fr_fr\":\"Une pause rafra\\u00eechissante \\u00e0 tout moment\",\"title\":\"BEBIDAS FR\\u00cdAS\",\"title_de_de\":\"KALTE GETR\\u00c4NKE\",\"title_en_gb\":\"COLD DRINKS\",\"title_fr_fr\":\"BOISSONS FROIDES\"}},{\"type\":\"gallery_item\",\"props\":{\"hover_image\":\"\",\"image\":\"wp-content\\\/uploads\\\/2024\\\/09\\\/banner-alcohol-scaled.jpg\",\"link\":\"bebidas-alcoholicas\\\/\",\"link_de_de\":\"de\\\/bebidas-alcoholicas\\\/\",\"link_en_gb\":\"en\\\/bebidas-alcoholicas\\\/\",\"link_fr_fr\":\"fr\\\/bebidas-alcoholicas\\\/\",\"media_overlay\":\"rgba(20, 20, 20, 0.19)\",\"meta\":\"Sabores intensos para celebrar cada instante\",\"meta_de_de\":\"Intensive Aromen, um jeden Moment zu feiern\",\"meta_en_gb\":\"Intense flavours to celebrate every moment\",\"meta_fr_fr\":\"Des saveurs intenses pour c\\u00e9l\\u00e9brer chaque instant\",\"title\":\"BEBIDAS ALCOH\\u00d3LICAS\",\"title_de_de\":\"ALKOHOLISCHE GETR\\u00c4NKE\",\"title_en_gb\":\"ALCOHOLIC BEVERAGES\",\"title_fr_fr\":\"BOISSONS ALCOOLIS\\u00c9ES\"}},{\"type\":\"gallery_item\",\"props\":{\"hover_image\":\"\",\"image\":\"wp-content\\\/uploads\\\/2025\\\/04\\\/bowl-para-llevar-5.jpg\",\"link\":\"para-llevar\\\/\",\"link_de_de\":\"de\\\/bebidas-alcoholicas\\\/\",\"link_en_gb\":\"en\\\/bebidas-alcoholicas\\\/\",\"link_fr_fr\":\"fr\\\/bebidas-alcoholicas\\\/\",\"media_overlay\":\"rgba(20, 20, 20, 0.19)\",\"meta\":\"Blue Wave te acompa\\u00f1a a donde vayas\",\"meta_de_de\":\"Blue Wave begleitet Sie, wohin Sie auch gehen\",\"meta_en_gb\":\"Blue Wave accompanies you wherever you go\",\"meta_fr_fr\":\"Blue Wave vous accompagne o\\u00f9 que vous alliez\",\"title\":\"Para llevar\",\"title_de_de\":\"Zum Mitnehmen\",\"title_en_gb\":\"TAKE AWAY\",\"title_fr_fr\":\"Pour aller\"}}],\"name\":\"Carta - Galer\\u00eda\"}]}],\"props\":{\"margin\":\"remove-vertical\",\"width\":\"expand\"}}]}],\"version\":\"4.5.4\"} --><\/p>\n","protected":false},"excerpt":{"rendered":"<p>DESAYUNOS El bocado perfecto para empezar el d\u00eda TAPAS Sabores que invitan a compartir BEBIDAS CALIENTES El coraz\u00f3n de nuestra cafeter\u00eda BEBIDAS FR\u00cdAS Un respiro refrescante para cada momento BEBIDAS ALCOH\u00d3LICAS Sabores intensos para celebrar cada instante Para llevar Blue Wave te acompa\u00f1a a donde vayas<\/p>\n","protected":false},"author":1,"featured_media":0,"parent":0,"menu_order":0,"comment_status":"closed","ping_status":"closed","template":"","meta":{"footnotes":""},"class_list":["post-1027","page","type-page","status-publish","hentry"],"yoast_head":"<!-- This site is optimized with the Yoast SEO plugin v27.4 - https:\/\/yoast.com\/product\/yoast-seo-wordpress\/ -->\n<title>Carta<\/title>\n<meta name=\"description\" content=\"DESAYUNOS El bocado perfecto para empezar el d\u00eda TAPAS Sabores que invitan a compartir BEBIDAS CALIENTES El coraz\u00f3n de nuestra cafeter\u00eda BEBIDAS FR\u00cdAS Un respiro refrescante para cada momento BEBIDAS ALCOH\u00d3LICAS Sabores intensos para celebrar cada instante Para llevar Blue Wave te acompa\u00f1a a donde vayas\" \/>\n<meta name=\"robots\" content=\"index, follow, max-snippet:-1, max-image-preview:large, max-video-preview:-1\" \/>\n<link rel=\"canonical\" href=\"http:\/\/DESAYUNOS%20El%20bocado%20perfecto%20para%20empezar%20el%20d\u00eda%20TAPAS%20Sabores%20que%20invitan%20a%20compartir%20BEBIDAS%20CALIENTES%20El%20coraz\u00f3n%20de%20nuestra%20cafeter\u00eda%20BEBIDAS%20FR\u00cdAS%20Un%20respiro%20refrescante%20para%20cada%20momento%20BEBIDAS%20ALCOH\u00d3LICAS%20Sabores%20intensos%20para%20celebrar%20cada%20instante%20Para%20llevar%20Blue%20Wave%20te%20acompa\u00f1a%20a%20donde%20vayas\" \/>\n<meta property=\"og:locale\" content=\"de_DE\" \/>\n<meta property=\"og:type\" content=\"article\" \/>\n<meta property=\"og:title\" content=\"Carta\" \/>\n<meta property=\"og:description\" content=\"DESAYUNOS El bocado perfecto para empezar el d\u00eda TAPAS Sabores que invitan a compartir BEBIDAS CALIENTES El coraz\u00f3n de nuestra cafeter\u00eda BEBIDAS FR\u00cdAS Un respiro refrescante para cada momento BEBIDAS ALCOH\u00d3LICAS Sabores intensos para celebrar cada instante Para llevar Blue Wave te acompa\u00f1a a donde vayas\" \/>\n<meta property=\"og:url\" content=\"http:\/\/cafeteriabluewave.com\/de\/carta\/\" \/>\n<meta property=\"og:site_name\" content=\"Blue Wave Santa Pola\" \/>\n<meta property=\"article:modified_time\" content=\"2025-04-21T20:38:59+00:00\" \/>\n<meta property=\"og:image\" content=\"http:\/\/cafeteriabluewave.com\/wp-content\/uploads\/2024\/09\/cropped-Diseno-sin-titulo-2.jpg\" \/>\n\t<meta property=\"og:image:width\" content=\"512\" \/>\n\t<meta property=\"og:image:height\" content=\"512\" \/>\n\t<meta property=\"og:image:type\" content=\"image\/jpeg\" \/>\n<meta name=\"twitter:card\" content=\"summary_large_image\" \/>\n<script type=\"application\/ld+json\" class=\"yoast-schema-graph\">{\"@context\":\"https:\\\/\\\/schema.org\",\"@graph\":[{\"@type\":\"WebPage\",\"@id\":\"http:\\\/\\\/cafeteriabluewave.com\\\/de\\\/carta\\\/\",\"url\":\"http:\\\/\\\/cafeteriabluewave.com\\\/de\\\/carta\\\/\",\"name\":\"Carta - Blue Wave Santa Pola\",\"isPartOf\":{\"@id\":\"https:\\\/\\\/cafeteriabluewave.com\\\/#website\"},\"datePublished\":\"2024-09-25T08:37:24+00:00\",\"dateModified\":\"2025-04-21T20:38:59+00:00\",\"breadcrumb\":{\"@id\":\"http:\\\/\\\/cafeteriabluewave.com\\\/de\\\/carta\\\/#breadcrumb\"},\"inLanguage\":\"de\",\"potentialAction\":[{\"@type\":\"ReadAction\",\"target\":[\"http:\\\/\\\/cafeteriabluewave.com\\\/de\\\/carta\\\/\"]}]},{\"@type\":\"BreadcrumbList\",\"@id\":\"http:\\\/\\\/cafeteriabluewave.com\\\/de\\\/carta\\\/#breadcrumb\",\"itemListElement\":[{\"@type\":\"ListItem\",\"position\":1,\"name\":\"INICIO\",\"item\":\"https:\\\/\\\/cafeteriabluewave.com\\\/\"},{\"@type\":\"ListItem\",\"position\":2,\"name\":\"Carta\"}]},{\"@type\":\"WebSite\",\"@id\":\"https:\\\/\\\/cafeteriabluewave.com\\\/#website\",\"url\":\"https:\\\/\\\/cafeteriabluewave.com\\\/\",\"name\":\"Blue Wave Santa\",\"description\":\"Brunch creativo en Santa Pola, en un ambiente acogedor y vibrante.\",\"publisher\":{\"@id\":\"https:\\\/\\\/cafeteriabluewave.com\\\/#organization\"},\"potentialAction\":[{\"@type\":\"SearchAction\",\"target\":{\"@type\":\"EntryPoint\",\"urlTemplate\":\"https:\\\/\\\/cafeteriabluewave.com\\\/?s={search_term_string}\"},\"query-input\":{\"@type\":\"PropertyValueSpecification\",\"valueRequired\":true,\"valueName\":\"search_term_string\"}}],\"inLanguage\":\"de\"},{\"@type\":\"Organization\",\"@id\":\"https:\\\/\\\/cafeteriabluewave.com\\\/#organization\",\"name\":\"Blue Wave Santa Pola\",\"url\":\"https:\\\/\\\/cafeteriabluewave.com\\\/\",\"logo\":{\"@type\":\"ImageObject\",\"inLanguage\":\"de\",\"@id\":\"https:\\\/\\\/cafeteriabluewave.com\\\/#\\\/schema\\\/logo\\\/image\\\/\",\"url\":\"http:\\\/\\\/cafeteriabluewave.com\\\/wp-content\\\/uploads\\\/2024\\\/09\\\/cropped-Diseno-sin-titulo-2-1.jpg\",\"contentUrl\":\"http:\\\/\\\/cafeteriabluewave.com\\\/wp-content\\\/uploads\\\/2024\\\/09\\\/cropped-Diseno-sin-titulo-2-1.jpg\",\"width\":512,\"height\":512,\"caption\":\"Blue Wave Santa Pola\"},\"image\":{\"@id\":\"https:\\\/\\\/cafeteriabluewave.com\\\/#\\\/schema\\\/logo\\\/image\\\/\"},\"sameAs\":[\"https:\\\/\\\/www.instagram.com\\\/bluewave_bybitacora\\\/\"]}]}<\/script>\n<!-- \/ Yoast SEO plugin. -->","yoast_head_json":{"title":"Carta","description":"DESAYUNOS El bocado perfecto para empezar el d\u00eda TAPAS Sabores que invitan a compartir BEBIDAS CALIENTES El coraz\u00f3n de nuestra cafeter\u00eda BEBIDAS FR\u00cdAS Un respiro refrescante para cada momento BEBIDAS ALCOH\u00d3LICAS Sabores intensos para celebrar cada instante Para llevar Blue Wave te acompa\u00f1a a donde vayas","robots":{"index":"index","follow":"follow","max-snippet":"max-snippet:-1","max-image-preview":"max-image-preview:large","max-video-preview":"max-video-preview:-1"},"canonical":"DESAYUNOS El bocado perfecto para empezar el d\u00eda TAPAS Sabores que invitan a compartir BEBIDAS CALIENTES El coraz\u00f3n de nuestra cafeter\u00eda BEBIDAS FR\u00cdAS Un respiro refrescante para cada momento BEBIDAS ALCOH\u00d3LICAS Sabores intensos para celebrar cada instante Para llevar Blue Wave te acompa\u00f1a a donde vayas","og_locale":"de_DE","og_type":"article","og_title":"Carta","og_description":"DESAYUNOS El bocado perfecto para empezar el d\u00eda TAPAS Sabores que invitan a compartir BEBIDAS CALIENTES El coraz\u00f3n de nuestra cafeter\u00eda BEBIDAS FR\u00cdAS Un respiro refrescante para cada momento BEBIDAS ALCOH\u00d3LICAS Sabores intensos para celebrar cada instante Para llevar Blue Wave te acompa\u00f1a a donde vayas","og_url":"http:\/\/cafeteriabluewave.com\/de\/carta\/","og_site_name":"Blue Wave Santa Pola","article_modified_time":"2025-04-21T20:38:59+00:00","og_image":[{"width":512,"height":512,"url":"http:\/\/cafeteriabluewave.com\/wp-content\/uploads\/2024\/09\/cropped-Diseno-sin-titulo-2.jpg","type":"image\/jpeg"}],"twitter_card":"summary_large_image","schema":{"@context":"https:\/\/schema.org","@graph":[{"@type":"WebPage","@id":"http:\/\/cafeteriabluewave.com\/de\/carta\/","url":"http:\/\/cafeteriabluewave.com\/de\/carta\/","name":"Carta - Blue Wave Santa Pola","isPartOf":{"@id":"https:\/\/cafeteriabluewave.com\/#website"},"datePublished":"2024-09-25T08:37:24+00:00","dateModified":"2025-04-21T20:38:59+00:00","breadcrumb":{"@id":"http:\/\/cafeteriabluewave.com\/de\/carta\/#breadcrumb"},"inLanguage":"de","potentialAction":[{"@type":"ReadAction","target":["http:\/\/cafeteriabluewave.com\/de\/carta\/"]}]},{"@type":"BreadcrumbList","@id":"http:\/\/cafeteriabluewave.com\/de\/carta\/#breadcrumb","itemListElement":[{"@type":"ListItem","position":1,"name":"INICIO","item":"https:\/\/cafeteriabluewave.com\/"},{"@type":"ListItem","position":2,"name":"Carta"}]},{"@type":"WebSite","@id":"https:\/\/cafeteriabluewave.com\/#website","url":"https:\/\/cafeteriabluewave.com\/","name":"Blue Wave Santa","description":"Brunch creativo en Santa Pola, en un ambiente acogedor y vibrante.","publisher":{"@id":"https:\/\/cafeteriabluewave.com\/#organization"},"potentialAction":[{"@type":"SearchAction","target":{"@type":"EntryPoint","urlTemplate":"https:\/\/cafeteriabluewave.com\/?s={search_term_string}"},"query-input":{"@type":"PropertyValueSpecification","valueRequired":true,"valueName":"search_term_string"}}],"inLanguage":"de"},{"@type":"Organization","@id":"https:\/\/cafeteriabluewave.com\/#organization","name":"Blue Wave Santa Pola","url":"https:\/\/cafeteriabluewave.com\/","logo":{"@type":"ImageObject","inLanguage":"de","@id":"https:\/\/cafeteriabluewave.com\/#\/schema\/logo\/image\/","url":"http:\/\/cafeteriabluewave.com\/wp-content\/uploads\/2024\/09\/cropped-Diseno-sin-titulo-2-1.jpg","contentUrl":"http:\/\/cafeteriabluewave.com\/wp-content\/uploads\/2024\/09\/cropped-Diseno-sin-titulo-2-1.jpg","width":512,"height":512,"caption":"Blue Wave Santa Pola"},"image":{"@id":"https:\/\/cafeteriabluewave.com\/#\/schema\/logo\/image\/"},"sameAs":["https:\/\/www.instagram.com\/bluewave_bybitacora\/"]}]}},"_links":{"self":[{"href":"http:\/\/cafeteriabluewave.com\/de\/wp-json\/wp\/v2\/pages\/1027","targetHints":{"allow":["GET"]}}],"collection":[{"href":"http:\/\/cafeteriabluewave.com\/de\/wp-json\/wp\/v2\/pages"}],"about":[{"href":"http:\/\/cafeteriabluewave.com\/de\/wp-json\/wp\/v2\/types\/page"}],"author":[{"embeddable":true,"href":"http:\/\/cafeteriabluewave.com\/de\/wp-json\/wp\/v2\/users\/1"}],"replies":[{"embeddable":true,"href":"http:\/\/cafeteriabluewave.com\/de\/wp-json\/wp\/v2\/comments?post=1027"}],"version-history":[{"count":26,"href":"http:\/\/cafeteriabluewave.com\/de\/wp-json\/wp\/v2\/pages\/1027\/revisions"}],"predecessor-version":[{"id":2883,"href":"http:\/\/cafeteriabluewave.com\/de\/wp-json\/wp\/v2\/pages\/1027\/revisions\/2883"}],"wp:attachment":[{"href":"http:\/\/cafeteriabluewave.com\/de\/wp-json\/wp\/v2\/media?parent=1027"}],"curies":[{"name":"wp","href":"https:\/\/api.w.org\/{rel}","templated":true}]}}