{"id":1034,"date":"2024-09-25T08:48:31","date_gmt":"2024-09-25T08:48:31","guid":{"rendered":"https:\/\/cafeteriabluewave.com\/?page_id=1034"},"modified":"2025-04-01T18:07:55","modified_gmt":"2025-04-01T18:07:55","slug":"cafe-ecologico","status":"publish","type":"page","link":"https:\/\/cafeteriabluewave.com\/fr\/cafe-ecologico\/","title":{"rendered":"Caf\u00e9 ecol\u00f3gico"},"content":{"rendered":"<p><img decoding=\"async\" src=\"\/wp-content\/uploads\/2024\/09\/1523616607_bodegon_ECO.png\" alt=\"\"><\/p>\n<h1>The Organic Coffee, mejor Blend de Espa\u00f1a<\/h1>\n<div>\n<p>Nos enorgullece presentar en exclusiva para nuestra zona The Organic Coffee de Caf\u00e9s Candelas, el caf\u00e9 ecol\u00f3gico que ha conquistado el paladar de los expertos en el Campeonato Barista F\u00f3rum Caf\u00e9, celebrado durante la prestigiosa feria Alimentaria en Barcelona. Este excepcional blend ha sido galardonado con el I Premio al Mejor Blend, destac\u00e1ndose como el caf\u00e9 que mejor satisface las expectativas de baristas profesionales y consumidores exigentes. The Organic Coffee es un exquisito blend compuesto por caf\u00e9 100% Ar\u00e1bica, cuidadosamente seleccionado para ofrecer una experiencia sensorial \u00fanica. Su proceso de producci\u00f3n, completamente respetuoso con el medio ambiente, garantiza una calidad superior en cada taza, con un sabor aut\u00e9ntico y aromas que evocan notas suaves y equilibradas. Con este reconocimiento, The Organic Coffee no solo reafirma su excelencia, sino tambi\u00e9n su compromiso con la sostenibilidad y la responsabilidad ambiental. Estamos orgullosos de ser los \u00fanicos en nuestra regi\u00f3n en ofrecer este caf\u00e9 galardonado, brindando a nuestros clientes la oportunidad de disfrutar de un producto premium, reconocido por su calidad y su respeto por el entorno. Si buscas un caf\u00e9 que combine distinci\u00f3n, sostenibilidad y sabor excepcional, The Organic Coffee de Caf\u00e9s Candelas es la elecci\u00f3n perfecta. Descubre en cada sorbo el equilibrio perfecto entre tradici\u00f3n y modernidad, exclusivo en nuestra zona. \u00a1Ven y prueba la excelencia de un caf\u00e9 que ha sido premiado por su capacidad para satisfacer a los paladares m\u00e1s exigentes!<\/p>\n<\/div>\n<p><!--more--><br \/>\n<!-- {\"type\":\"layout\",\"children\":[{\"type\":\"section\",\"props\":{\"html_element\":\"article\",\"image\":\"wp-content\\\/uploads\\\/2024\\\/09\\\/Diseno-sin-titulo-53.png\",\"image_loading\":true,\"image_position\":\"top-center\",\"image_size\":\"height-1-1\",\"padding\":\"large\",\"style\":\"default\",\"title_breakpoint\":\"xl\",\"title_position\":\"top-left\",\"title_rotation\":\"left\",\"vertical_align\":\"\",\"width\":\"\"},\"children\":[{\"type\":\"row\",\"props\":{\"margin\":\"large\",\"width\":\"default\"},\"children\":[{\"type\":\"column\",\"props\":{\"image_position\":\"center-center\",\"position_sticky_breakpoint\":\"m\"},\"children\":[{\"type\":\"image\",\"props\":{\"image\":\"wp-content\\\/uploads\\\/2024\\\/09\\\/1523616607_bodegon_ECO.png\",\"image_height\":800,\"image_loading\":true,\"image_svg_color\":\"emphasis\",\"image_width\":1200,\"margin\":\"default\"}}]}]},{\"type\":\"row\",\"props\":{\"width\":\"xsmall\"},\"children\":[{\"type\":\"column\",\"props\":{\"image_position\":\"center-center\",\"position_sticky_breakpoint\":\"m\"},\"children\":[{\"type\":\"headline\",\"props\":{\"content\":\"The Organic Coffee, mejor Blend de Espa\\u00f1a\",\"content_de_de\":\"The Organic Coffee, bester Blend Spaniens\",\"content_en_gb\":\"The Organic Coffee, Best Blend in Spain\",\"content_fr_fr\":\"The Organic Coffee, meilleur m\\u00e9lange d'Espagne\",\"title_element\":\"h1\",\"title_style\":\"heading-medium\"}},{\"type\":\"text\",\"props\":{\"column_breakpoint\":\"m\",\"content\":\"\n\n<p>Nos enorgullece presentar en exclusiva para nuestra zona The Organic Coffee de Caf\\u00e9s Candelas, el caf\\u00e9 ecol\\u00f3gico que ha conquistado el paladar de los expertos en el Campeonato Barista F\\u00f3rum Caf\\u00e9, celebrado durante la prestigiosa feria Alimentaria en Barcelona. Este excepcional blend ha sido galardonado con el I Premio al Mejor Blend, destac\\u00e1ndose como el caf\\u00e9 que mejor satisface las expectativas de baristas profesionales y consumidores exigentes. The Organic Coffee es un exquisito blend compuesto por caf\\u00e9 100% Ar\\u00e1bica, cuidadosamente seleccionado para ofrecer una experiencia sensorial \\u00fanica. Su proceso de producci\\u00f3n, completamente respetuoso con el medio ambiente, garantiza una calidad superior en cada taza, con un sabor aut\\u00e9ntico y aromas que evocan notas suaves y equilibradas. Con este reconocimiento, The Organic Coffee no solo reafirma su excelencia, sino tambi\\u00e9n su compromiso con la sostenibilidad y la responsabilidad ambiental. Estamos orgullosos de ser los \\u00fanicos en nuestra regi\\u00f3n en ofrecer este caf\\u00e9 galardonado, brindando a nuestros clientes la oportunidad de disfrutar de un producto premium, reconocido por su calidad y su respeto por el entorno. Si buscas un caf\\u00e9 que combine distinci\\u00f3n, sostenibilidad y sabor excepcional, The Organic Coffee de Caf\\u00e9s Candelas es la elecci\\u00f3n perfecta. Descubre en cada sorbo el equilibrio perfecto entre tradici\\u00f3n y modernidad, exclusivo en nuestra zona. \\u00a1Ven y prueba la excelencia de un caf\\u00e9 que ha sido premiado por su capacidad para satisfacer a los paladares m\\u00e1s exigentes!<\\\/p>\",\"content_de_de\":\"Wir sind stolz darauf, exklusiv f\\u00fcr unsere Region The Organic Coffee von Caf\\u00e9s Candelas vorstellen zu k\\u00f6nnen, den Bio-Kaffee, der die Gaumen der Experten beim Barista-Forum Caf\\u00e9-Wettbewerb erobert hat, der w\\u00e4hrend der renommierten Alimentaria-Messe in Barcelona stattfand. Diese au\\u00dfergew\\u00f6hnliche Mischung wurde mit dem ersten Preis f\\u00fcr die beste Mischung ausgezeichnet und gilt als der Kaffee, der die Erwartungen professioneller Baristas und anspruchsvoller Verbraucher am besten erf\\u00fcllt. The Organic Coffee ist eine exquisite Mischung aus 100 % Arabica-Kaffee, die sorgf\\u00e4ltig ausgew\\u00e4hlt wurde, um ein einzigartiges sensorisches Erlebnis zu bieten. Das vollst\\u00e4ndig umweltfreundliche Herstellungsverfahren garantiert h\\u00f6chste Qualit\\u00e4t in jeder Tasse mit einem authentischen Geschmack und Aromen, die weiche und ausgewogene Noten hervorrufen. Mit dieser Auszeichnung best\\u00e4tigt The Organic Coffee nicht nur seine Exzellenz, sondern auch sein Engagement f\\u00fcr Nachhaltigkeit und Umweltverantwortung. Wir sind stolz darauf, der einzige Anbieter in unserer Region zu sein, der diesen preisgekr\\u00f6nten Kaffee anbietet, und unseren Kunden die M\\u00f6glichkeit zu geben, ein Premiumprodukt zu genie\\u00dfen, das f\\u00fcr seine Qualit\\u00e4t und seinen Respekt f\\u00fcr die Umwelt bekannt ist. Wenn Sie einen Kaffee suchen, der Eleganz, Nachhaltigkeit und au\\u00dfergew\\u00f6hnlichen Geschmack vereint, ist The Organic Coffee von Caf\\u00e9s Candelas die perfekte Wahl. Entdecken Sie bei jedem Schluck die perfekte Balance zwischen Tradition und Moderne, die es in unserer Region nur einmal gibt. Kommen Sie und probieren Sie die Exzellenz eines Kaffees, der f\\u00fcr seine F\\u00e4higkeit, auch die anspruchsvollsten Gaumen zu befriedigen, ausgezeichnet wurde!\",\"content_en_gb\":\"\n\n<p>We are proud to present, exclusively for our region, The Organic Coffee by Caf\\u00e9s Candelas, the organic coffee that has won over the palates of the experts at the Barista Championship Forum Caf\\u00e9, held during the prestigious Alimentaria fair in Barcelona. This exceptional blend has been awarded the 1st Prize for Best Blend, standing out as the coffee that best meets the expectations of professional baristas and demanding consumers. The Organic Coffee is an exquisite blend made from 100% Arabica coffee, carefully selected to offer a unique sensory experience. Its production process, which is completely environmentally friendly, guarantees superior quality in every cup, with an authentic flavour and aromas that evoke smooth and balanced notes. With this recognition, The Organic Coffee not only reaffirms its excellence, but also its commitment to sustainability and environmental responsibility. We are proud to be the only ones in our region to offer this award-winning coffee, giving our customers the opportunity to enjoy a premium product, recognised for its quality and respect for the environment. If you are looking for a coffee that combines distinction, sustainability and exceptional flavour, The Organic Coffee by Caf\\u00e9s Candelas is the perfect choice. Discover in every sip the perfect balance between tradition and modernity, exclusive to our region. Come and try the excellence of a coffee that has been recognised for its ability to satisfy the most demanding palates!<\\\/p>\",\"content_fr_fr\":\"Nous sommes fiers de pr\\u00e9senter en exclusivit\\u00e9 pour notre r\\u00e9gion The Organic Coffee de Caf\\u00e9s Candelas, le caf\\u00e9 biologique qui a conquis le palais des experts lors du Championnat Barista F\\u00f3rum Caf\\u00e9, organis\\u00e9 pendant le prestigieux salon Alimentaria \\u00e0 Barcelone. Cet assemblage exceptionnel a re\\u00e7u le premier prix du meilleur assemblage, se distinguant comme le caf\\u00e9 qui r\\u00e9pond le mieux aux attentes des baristas professionnels et des consommateurs exigeants. The Organic Coffee est un m\\u00e9lange exquis compos\\u00e9 \\u00e0 100 % de caf\\u00e9 arabica, soigneusement s\\u00e9lectionn\\u00e9 pour offrir une exp\\u00e9rience sensorielle unique. Son processus de production, totalement respectueux de l'environnement, garantit une qualit\\u00e9 sup\\u00e9rieure dans chaque tasse, avec un go\\u00fbt authentique et des ar\\u00f4mes qui \\u00e9voquent des notes douces et \\u00e9quilibr\\u00e9es. Cette reconnaissance confirme non seulement l'excellence de The Organic Coffee, mais aussi son engagement en faveur de la durabilit\\u00e9 et de la responsabilit\\u00e9 environnementale. Nous sommes fiers d'\\u00eatre les seuls dans notre r\\u00e9gion \\u00e0 proposer ce caf\\u00e9 prim\\u00e9, offrant \\u00e0 nos clients la possibilit\\u00e9 de d\\u00e9guster un produit haut de gamme, reconnu pour sa qualit\\u00e9 et son respect de l'environnement. Si vous recherchez un caf\\u00e9 alliant distinction, durabilit\\u00e9 et saveur exceptionnelle, The Organic Coffee de Caf\\u00e9s Candelas est le choix id\\u00e9al. D\\u00e9couvrez \\u00e0 chaque gorg\\u00e9e l'\\u00e9quilibre parfait entre tradition et modernit\\u00e9, exclusif dans notre r\\u00e9gion. Venez go\\u00fbter \\u00e0 l'excellence d'un caf\\u00e9 qui a \\u00e9t\\u00e9 r\\u00e9compens\\u00e9 pour sa capacit\\u00e9 \\u00e0 satisfaire les palais les plus exigeants !\",\"margin\":\"default\"}}]}]}],\"name\":\"Post\"}],\"version\":\"4.5.4\"} --><\/p>\n","protected":false},"excerpt":{"rendered":"<p>The Organic Coffee, mejor Blend de Espa\u00f1a Nos enorgullece presentar en exclusiva para nuestra zona The Organic Coffee de Caf\u00e9s Candelas, el caf\u00e9 ecol\u00f3gico que ha conquistado el paladar de los expertos en el Campeonato Barista F\u00f3rum Caf\u00e9, celebrado durante la prestigiosa feria Alimentaria en Barcelona. Este excepcional blend ha sido galardonado con el I [&hellip;]<\/p>\n","protected":false},"author":1,"featured_media":0,"parent":0,"menu_order":0,"comment_status":"closed","ping_status":"closed","template":"","meta":{"footnotes":""},"class_list":["post-1034","page","type-page","status-publish","hentry"],"yoast_head":"<!-- This site is optimized with the Yoast SEO plugin v27.4 - https:\/\/yoast.com\/product\/yoast-seo-wordpress\/ -->\n<title>Caf\u00e9 ecol\u00f3gico<\/title>\n<meta name=\"description\" content=\"The Organic Coffee, mejor Blend de Espa\u00f1a Nos enorgullece presentar en exclusiva para nuestra zona The Organic Coffee de Caf\u00e9s Candelas, el caf\u00e9 ecol\u00f3gico que ha conquistado el paladar de los expertos en el Campeonato Barista F\u00f3rum Caf\u00e9, celebrado durante la prestigiosa feria Alimentaria en Barcelona. Este excepcional blend ha sido galardonado con el I\u2026\" \/>\n<meta name=\"robots\" content=\"index, follow, max-snippet:-1, max-image-preview:large, max-video-preview:-1\" \/>\n<link rel=\"canonical\" href=\"http:\/\/The%20Organic%20Coffee,%20mejor%20Blend%20de%20Espa\u00f1a%20Nos%20enorgullece%20presentar%20en%20exclusiva%20para%20nuestra%20zona%20The%20Organic%20Coffee%20de%20Caf\u00e9s%20Candelas,%20el%20caf\u00e9%20ecol\u00f3gico%20que%20ha%20conquistado%20el%20paladar%20de%20los%20expertos%20en%20el%20Campeonato%20Barista%20F\u00f3rum%20Caf\u00e9,%20celebrado%20durante%20la%20prestigiosa%20feria%20Alimentaria%20en%20Barcelona.%20Este%20excepcional%20blend%20ha%20sido%20galardonado%20con%20el%20I\u2026\" \/>\n<meta property=\"og:locale\" content=\"fr_FR\" \/>\n<meta property=\"og:type\" content=\"article\" \/>\n<meta property=\"og:title\" content=\"Caf\u00e9 ecol\u00f3gico\" \/>\n<meta property=\"og:description\" content=\"The Organic Coffee, mejor Blend de Espa\u00f1a Nos enorgullece presentar en exclusiva para nuestra zona The Organic Coffee de Caf\u00e9s Candelas, el caf\u00e9 ecol\u00f3gico que ha conquistado el paladar de los expertos en el Campeonato Barista F\u00f3rum Caf\u00e9, celebrado durante la prestigiosa feria Alimentaria en Barcelona. Este excepcional blend ha sido galardonado con el I\u2026\" \/>\n<meta property=\"og:url\" content=\"https:\/\/cafeteriabluewave.com\/fr\/cafe-ecologico\/\" \/>\n<meta property=\"og:site_name\" content=\"Blue Wave Santa Pola\" \/>\n<meta property=\"article:modified_time\" content=\"2025-04-01T18:07:55+00:00\" \/>\n<meta property=\"og:image\" content=\"https:\/\/cafeteriabluewave.com\/wp-content\/uploads\/2024\/09\/cropped-Diseno-sin-titulo-2.jpg\" \/>\n\t<meta property=\"og:image:width\" content=\"512\" \/>\n\t<meta property=\"og:image:height\" content=\"512\" \/>\n\t<meta property=\"og:image:type\" content=\"image\/jpeg\" \/>\n<meta name=\"twitter:card\" content=\"summary_large_image\" \/>\n<meta name=\"twitter:label1\" content=\"Dur\u00e9e de lecture estim\u00e9e\" \/>\n\t<meta name=\"twitter:data1\" content=\"1 minute\" \/>\n<script type=\"application\/ld+json\" class=\"yoast-schema-graph\">{\"@context\":\"https:\\\/\\\/schema.org\",\"@graph\":[{\"@type\":\"WebPage\",\"@id\":\"https:\\\/\\\/cafeteriabluewave.com\\\/fr\\\/cafe-ecologico\\\/\",\"url\":\"https:\\\/\\\/cafeteriabluewave.com\\\/fr\\\/cafe-ecologico\\\/\",\"name\":\"Caf\u00e9 ecol\u00f3gico - Blue Wave Santa Pola\",\"isPartOf\":{\"@id\":\"http:\\\/\\\/cafeteriabluewave.com\\\/#website\"},\"datePublished\":\"2024-09-25T08:48:31+00:00\",\"dateModified\":\"2025-04-01T18:07:55+00:00\",\"breadcrumb\":{\"@id\":\"https:\\\/\\\/cafeteriabluewave.com\\\/fr\\\/cafe-ecologico\\\/#breadcrumb\"},\"inLanguage\":\"fr-FR\",\"potentialAction\":[{\"@type\":\"ReadAction\",\"target\":[\"https:\\\/\\\/cafeteriabluewave.com\\\/fr\\\/cafe-ecologico\\\/\"]}]},{\"@type\":\"BreadcrumbList\",\"@id\":\"https:\\\/\\\/cafeteriabluewave.com\\\/fr\\\/cafe-ecologico\\\/#breadcrumb\",\"itemListElement\":[{\"@type\":\"ListItem\",\"position\":1,\"name\":\"INICIO\",\"item\":\"http:\\\/\\\/cafeteriabluewave.com\\\/\"},{\"@type\":\"ListItem\",\"position\":2,\"name\":\"Caf\u00e9 ecol\u00f3gico\"}]},{\"@type\":\"WebSite\",\"@id\":\"http:\\\/\\\/cafeteriabluewave.com\\\/#website\",\"url\":\"http:\\\/\\\/cafeteriabluewave.com\\\/\",\"name\":\"Blue Wave Santa\",\"description\":\"Brunch creativo en Santa Pola, en un ambiente acogedor y vibrante.\",\"publisher\":{\"@id\":\"http:\\\/\\\/cafeteriabluewave.com\\\/#organization\"},\"potentialAction\":[{\"@type\":\"SearchAction\",\"target\":{\"@type\":\"EntryPoint\",\"urlTemplate\":\"http:\\\/\\\/cafeteriabluewave.com\\\/?s={search_term_string}\"},\"query-input\":{\"@type\":\"PropertyValueSpecification\",\"valueRequired\":true,\"valueName\":\"search_term_string\"}}],\"inLanguage\":\"fr-FR\"},{\"@type\":\"Organization\",\"@id\":\"http:\\\/\\\/cafeteriabluewave.com\\\/#organization\",\"name\":\"Blue Wave Santa Pola\",\"url\":\"http:\\\/\\\/cafeteriabluewave.com\\\/\",\"logo\":{\"@type\":\"ImageObject\",\"inLanguage\":\"fr-FR\",\"@id\":\"http:\\\/\\\/cafeteriabluewave.com\\\/#\\\/schema\\\/logo\\\/image\\\/\",\"url\":\"http:\\\/\\\/cafeteriabluewave.com\\\/wp-content\\\/uploads\\\/2024\\\/09\\\/cropped-Diseno-sin-titulo-2-1.jpg\",\"contentUrl\":\"http:\\\/\\\/cafeteriabluewave.com\\\/wp-content\\\/uploads\\\/2024\\\/09\\\/cropped-Diseno-sin-titulo-2-1.jpg\",\"width\":512,\"height\":512,\"caption\":\"Blue Wave Santa Pola\"},\"image\":{\"@id\":\"http:\\\/\\\/cafeteriabluewave.com\\\/#\\\/schema\\\/logo\\\/image\\\/\"},\"sameAs\":[\"https:\\\/\\\/www.instagram.com\\\/bluewave_bybitacora\\\/\"]}]}<\/script>\n<!-- \/ Yoast SEO plugin. -->","yoast_head_json":{"title":"Caf\u00e9 ecol\u00f3gico","description":"The Organic Coffee, mejor Blend de Espa\u00f1a Nos enorgullece presentar en exclusiva para nuestra zona The Organic Coffee de Caf\u00e9s Candelas, el caf\u00e9 ecol\u00f3gico que ha conquistado el paladar de los expertos en el Campeonato Barista F\u00f3rum Caf\u00e9, celebrado durante la prestigiosa feria Alimentaria en Barcelona. Este excepcional blend ha sido galardonado con el I\u2026","robots":{"index":"index","follow":"follow","max-snippet":"max-snippet:-1","max-image-preview":"max-image-preview:large","max-video-preview":"max-video-preview:-1"},"canonical":"The Organic Coffee, mejor Blend de Espa\u00f1a Nos enorgullece presentar en exclusiva para nuestra zona The Organic Coffee de Caf\u00e9s Candelas, el caf\u00e9 ecol\u00f3gico que ha conquistado el paladar de los expertos en el Campeonato Barista F\u00f3rum Caf\u00e9, celebrado durante la prestigiosa feria Alimentaria en Barcelona. Este excepcional blend ha sido galardonado con el I\u2026","og_locale":"fr_FR","og_type":"article","og_title":"Caf\u00e9 ecol\u00f3gico","og_description":"The Organic Coffee, mejor Blend de Espa\u00f1a Nos enorgullece presentar en exclusiva para nuestra zona The Organic Coffee de Caf\u00e9s Candelas, el caf\u00e9 ecol\u00f3gico que ha conquistado el paladar de los expertos en el Campeonato Barista F\u00f3rum Caf\u00e9, celebrado durante la prestigiosa feria Alimentaria en Barcelona. Este excepcional blend ha sido galardonado con el I\u2026","og_url":"https:\/\/cafeteriabluewave.com\/fr\/cafe-ecologico\/","og_site_name":"Blue Wave Santa Pola","article_modified_time":"2025-04-01T18:07:55+00:00","og_image":[{"width":512,"height":512,"url":"https:\/\/cafeteriabluewave.com\/wp-content\/uploads\/2024\/09\/cropped-Diseno-sin-titulo-2.jpg","type":"image\/jpeg"}],"twitter_card":"summary_large_image","twitter_misc":{"Dur\u00e9e de lecture estim\u00e9e":"1 minute"},"schema":{"@context":"https:\/\/schema.org","@graph":[{"@type":"WebPage","@id":"https:\/\/cafeteriabluewave.com\/fr\/cafe-ecologico\/","url":"https:\/\/cafeteriabluewave.com\/fr\/cafe-ecologico\/","name":"Caf\u00e9 ecol\u00f3gico - Blue Wave Santa Pola","isPartOf":{"@id":"http:\/\/cafeteriabluewave.com\/#website"},"datePublished":"2024-09-25T08:48:31+00:00","dateModified":"2025-04-01T18:07:55+00:00","breadcrumb":{"@id":"https:\/\/cafeteriabluewave.com\/fr\/cafe-ecologico\/#breadcrumb"},"inLanguage":"fr-FR","potentialAction":[{"@type":"ReadAction","target":["https:\/\/cafeteriabluewave.com\/fr\/cafe-ecologico\/"]}]},{"@type":"BreadcrumbList","@id":"https:\/\/cafeteriabluewave.com\/fr\/cafe-ecologico\/#breadcrumb","itemListElement":[{"@type":"ListItem","position":1,"name":"INICIO","item":"http:\/\/cafeteriabluewave.com\/"},{"@type":"ListItem","position":2,"name":"Caf\u00e9 ecol\u00f3gico"}]},{"@type":"WebSite","@id":"http:\/\/cafeteriabluewave.com\/#website","url":"http:\/\/cafeteriabluewave.com\/","name":"Blue Wave Santa","description":"Brunch creativo en Santa Pola, en un ambiente acogedor y vibrante.","publisher":{"@id":"http:\/\/cafeteriabluewave.com\/#organization"},"potentialAction":[{"@type":"SearchAction","target":{"@type":"EntryPoint","urlTemplate":"http:\/\/cafeteriabluewave.com\/?s={search_term_string}"},"query-input":{"@type":"PropertyValueSpecification","valueRequired":true,"valueName":"search_term_string"}}],"inLanguage":"fr-FR"},{"@type":"Organization","@id":"http:\/\/cafeteriabluewave.com\/#organization","name":"Blue Wave Santa Pola","url":"http:\/\/cafeteriabluewave.com\/","logo":{"@type":"ImageObject","inLanguage":"fr-FR","@id":"http:\/\/cafeteriabluewave.com\/#\/schema\/logo\/image\/","url":"http:\/\/cafeteriabluewave.com\/wp-content\/uploads\/2024\/09\/cropped-Diseno-sin-titulo-2-1.jpg","contentUrl":"http:\/\/cafeteriabluewave.com\/wp-content\/uploads\/2024\/09\/cropped-Diseno-sin-titulo-2-1.jpg","width":512,"height":512,"caption":"Blue Wave Santa Pola"},"image":{"@id":"http:\/\/cafeteriabluewave.com\/#\/schema\/logo\/image\/"},"sameAs":["https:\/\/www.instagram.com\/bluewave_bybitacora\/"]}]}},"_links":{"self":[{"href":"https:\/\/cafeteriabluewave.com\/fr\/wp-json\/wp\/v2\/pages\/1034","targetHints":{"allow":["GET"]}}],"collection":[{"href":"https:\/\/cafeteriabluewave.com\/fr\/wp-json\/wp\/v2\/pages"}],"about":[{"href":"https:\/\/cafeteriabluewave.com\/fr\/wp-json\/wp\/v2\/types\/page"}],"author":[{"embeddable":true,"href":"https:\/\/cafeteriabluewave.com\/fr\/wp-json\/wp\/v2\/users\/1"}],"replies":[{"embeddable":true,"href":"https:\/\/cafeteriabluewave.com\/fr\/wp-json\/wp\/v2\/comments?post=1034"}],"version-history":[{"count":8,"href":"https:\/\/cafeteriabluewave.com\/fr\/wp-json\/wp\/v2\/pages\/1034\/revisions"}],"predecessor-version":[{"id":2739,"href":"https:\/\/cafeteriabluewave.com\/fr\/wp-json\/wp\/v2\/pages\/1034\/revisions\/2739"}],"wp:attachment":[{"href":"https:\/\/cafeteriabluewave.com\/fr\/wp-json\/wp\/v2\/media?parent=1034"}],"curies":[{"name":"wp","href":"https:\/\/api.w.org\/{rel}","templated":true}]}}