{"id":1108,"date":"2024-09-26T18:17:34","date_gmt":"2024-09-26T18:17:34","guid":{"rendered":"https:\/\/cafeteriabluewave.com\/?page_id=1108"},"modified":"2025-04-01T18:05:00","modified_gmt":"2025-04-01T18:05:00","slug":"masa-madre","status":"publish","type":"page","link":"https:\/\/cafeteriabluewave.com\/fr\/masa-madre\/","title":{"rendered":"Masa madre"},"content":{"rendered":"<h1>nuestra materia prima<\/h1>\n<div>Pan 100% masa madre<\/div>\n<div>Amamos lo que hacemos<\/div>\n<div>Nuestra masa madre se fermenta de manera natural y lenta, sin la intervenci\u00f3n de agentes qu\u00edmicos ni levaduras industriales, lo que no solo contribuye a un sabor incomparable, sino tambi\u00e9n a una textura esponjosa y una corteza crujiente. Este proceso artesanal no ser\u00eda posible sin la selecci\u00f3n de ingredientes de la m\u00e1s alta calidad, que permiten que la masa madre fermente adecuadamente y desarrolle su caracter\u00edstico perfil de sabor.<\/div>\n<p><img decoding=\"async\" src=\"\/wp-content\/uploads\/about-01.jpg\" alt=\"\"><\/p>\n<h2>La calidad comienza con una cuidadosa selecci\u00f3n de la materia prima<\/h2>\n<div>Utilizamos harinas org\u00e1nicas de origen local, obtenidas de molinos que conservan los procesos tradicionales, asegurando as\u00ed que cada grano conserve todas sus propiedades y nutrientes. La combinaci\u00f3n de estas harinas con agua pura y el entorno controlado, permite el desarrollo de una masa madre rica en aromas y matices \u00fanicos.<\/div>\n<p><img decoding=\"async\" src=\"\/wp-content\/uploads\/about-03.jpg\" alt=\"\"><br \/>\n<img decoding=\"async\" src=\"\/wp-content\/uploads\/about-02.jpg\" alt=\"\"><\/p>\n<p><!--more--><br \/>\n<!-- {\"type\":\"layout\",\"children\":[{\"name\":\"Hero\",\"type\":\"section\",\"props\":{\"image\":\"wp-content\\\/uploads\\\/about-hero-bg.jpg\",\"image_loading\":true,\"image_position\":\"center-center\",\"image_size\":\"cover\",\"image_width\":\"2560\",\"padding\":\"xlarge\",\"style\":\"default\",\"text_color\":\"light\",\"title_breakpoint\":\"xl\",\"title_position\":\"top-left\",\"title_rotation\":\"left\",\"vertical_align\":\"\",\"width\":\"large\"},\"children\":[{\"type\":\"row\",\"children\":[{\"type\":\"column\",\"props\":{\"image_position\":\"center-center\",\"position_sticky_breakpoint\":\"m\",\"width_medium\":\"1-1\"},\"children\":[{\"type\":\"headline\",\"props\":{\"content\":\"nuestra materia prima\",\"content_de_de\":\"unser Rohstoff\",\"content_en_gb\":\"our raw material\",\"content_fr_fr\":\"notre mati\\u00e8re premi\\u00e8re\",\"margin\":\"small\",\"text_align\":\"center\",\"title_element\":\"h1\",\"title_style\":\"h6\"}},{\"type\":\"headline\",\"props\":{\"content\":\"Pan 100% masa madre\",\"content_de_de\":\"Brot aus 100 % Sauerteig\",\"content_en_gb\":\"100% sourdough bread\",\"content_fr_fr\":\"Pain 100 % levain\",\"margin_remove_top\":true,\"text_align\":\"center\",\"title_element\":\"div\",\"title_style\":\"heading-small\"}}]}]}]},{\"name\":\"About\",\"type\":\"section\",\"props\":{\"image_position\":\"center-center\",\"padding\":\"large\",\"style\":\"default\",\"title\":\"Authentic Tradition\",\"title_breakpoint\":\"xl\",\"title_position\":\"center-right\",\"title_rotation\":\"left\",\"vertical_align\":\"\",\"width\":\"large\"},\"children\":[{\"type\":\"row\",\"props\":{\"column_gap\":\"large\",\"layout\":\"1-2,1-2\",\"row_gap\":\"large\"},\"children\":[{\"type\":\"column\",\"props\":{\"image_position\":\"center-center\",\"position_sticky_breakpoint\":\"m\",\"vertical_align\":\"middle\",\"width_small\":\"1-2\"},\"children\":[{\"type\":\"headline\",\"props\":{\"content\":\"Amamos lo que hacemos\",\"content_de_de\":\"Wir lieben, was wir tun\",\"content_en_gb\":\"We love what we do\",\"content_fr_fr\":\"Nous aimons ce que nous faisons\",\"text_align\":\"center\",\"title_element\":\"div\",\"title_style\":\"h6\"}},{\"type\":\"text\",\"props\":{\"block_align\":\"center\",\"column_breakpoint\":\"m\",\"content\":\"Nuestra masa madre se fermenta de manera natural y lenta, sin la intervenci\\u00f3n de agentes qu\\u00edmicos ni levaduras industriales, lo que no solo contribuye a un sabor incomparable, sino tambi\\u00e9n a una textura esponjosa y una corteza crujiente. Este proceso artesanal no ser\\u00eda posible sin la selecci\\u00f3n de ingredientes de la m\\u00e1s alta calidad, que permiten que la masa madre fermente adecuadamente y desarrolle su caracter\\u00edstico perfil de sabor.\",\"content_de_de\":\"Unser Sauerteig wird auf nat\\u00fcrliche und langsame Weise fermentiert, ohne den Einsatz von chemischen Mitteln oder industriell hergestellten Hefen, was nicht nur zu einem unvergleichlichen Geschmack, sondern auch zu einer luftigen Textur und einer knusprigen Kruste beitr\\u00e4gt. Dieses handwerkliche Verfahren w\\u00e4re ohne die Auswahl von Zutaten h\\u00f6chster Qualit\\u00e4t nicht m\\u00f6glich, die es dem Sauerteig erm\\u00f6glichen, richtig zu fermentieren und sein charakteristisches Geschmacksprofil zu entwickeln.\",\"content_en_gb\":\"Our sourdough ferments naturally and slowly, without the intervention of chemical agents or industrial yeasts, which not only contributes to an incomparable flavour, but also to a spongy texture and a crispy crust. This artisanal process would not be possible without the selection of the highest quality ingredients, which allow the sourdough to ferment properly and develop its characteristic flavour profile.\",\"content_fr_fr\":\"Notre levain fermente naturellement et lentement, sans l'intervention d'agents chimiques ou de levures industrielles, ce qui contribue non seulement \\u00e0 un go\\u00fbt incomparable, mais aussi \\u00e0 une texture moelleuse et une cro\\u00fbte croustillante. Ce processus artisanal ne serait pas possible sans la s\\u00e9lection d'ingr\\u00e9dients de la plus haute qualit\\u00e9, qui permettent au levain de fermenter correctement et de d\\u00e9velopper son profil de saveur caract\\u00e9ristique.\",\"margin\":\"default\",\"maxwidth\":\"xlarge\",\"text_align\":\"center\",\"text_style\":\"lead\"}}]},{\"type\":\"column\",\"props\":{\"image_position\":\"center-center\",\"position_sticky_breakpoint\":\"m\",\"vertical_align\":\"middle\",\"width_small\":\"1-2\"},\"children\":[{\"type\":\"image\",\"props\":{\"image\":\"wp-content\\\/uploads\\\/about-01.jpg\",\"image_loading\":true,\"image_svg_color\":\"emphasis\",\"image_width\":\"650\",\"margin\":\"default\"}}]}]},{\"type\":\"row\",\"props\":{\"column_gap\":\"large\",\"layout\":\"1-2,1-2\",\"row_gap\":\"large\"},\"children\":[{\"type\":\"column\",\"props\":{\"image_position\":\"center-center\",\"position_sticky_breakpoint\":\"m\",\"width_small\":\"1-2\"},\"children\":[{\"type\":\"headline\",\"props\":{\"content\":\"La calidad comienza con una cuidadosa selecci\\u00f3n de la materia prima\",\"content_de_de\":\"Qualit\\u00e4t beginnt mit einer sorgf\\u00e4ltigen Auswahl der Rohstoffe\",\"content_en_gb\":\"Quality begins with a careful selection of raw materials\",\"content_fr_fr\":\"La qualit\\u00e9 commence par une s\\u00e9lection rigoureuse des mati\\u00e8res premi\\u00e8res\",\"maxwidth\":\"medium\",\"maxwidth_breakpoint\":\"s\",\"text_align\":\"left\",\"text_align_breakpoint\":\"s\",\"text_align_fallback\":\"center\",\"title_element\":\"h2\",\"title_style\":\"h3\"}},{\"type\":\"divider\",\"props\":{\"divider_align\":\"left\",\"divider_align_breakpoint\":\"s\",\"divider_align_fallback\":\"center\",\"divider_element\":\"div\",\"divider_style\":\"small\"}},{\"type\":\"text\",\"props\":{\"column_breakpoint\":\"m\",\"content\":\"Utilizamos harinas org\\u00e1nicas de origen local, obtenidas de molinos que conservan los procesos tradicionales, asegurando as\\u00ed que cada grano conserve todas sus propiedades y nutrientes. La combinaci\\u00f3n de estas harinas con agua pura y el entorno controlado, permite el desarrollo de una masa madre rica en aromas y matices \\u00fanicos.\",\"content_de_de\":\"Wir verwenden Bio-Mehl aus der Region, das in M\\u00fchlen nach traditionellen Verfahren hergestellt wird, um sicherzustellen, dass jedes Korn seine Eigenschaften und N\\u00e4hrstoffe beh\\u00e4lt. Durch die Kombination dieses Mehls mit reinem Wasser und der kontrollierten Umgebung entsteht ein Sauerteig, der reich an Aromen und einzigartigen Nuancen ist.\",\"content_en_gb\":\"We use locally sourced organic flours, obtained from mills that preserve traditional processes, thus ensuring that each grain retains all its properties and nutrients. The combination of these flours with pure water and the controlled environment allows the development of a sourdough rich in unique aromas and nuances.\",\"content_fr_fr\":\"Nous utilisons des farines biologiques d'origine locale, obtenues \\u00e0 partir de moulins qui conservent les proc\\u00e9d\\u00e9s traditionnels, garantissant ainsi que chaque grain conserve toutes ses propri\\u00e9t\\u00e9s et ses nutriments. La combinaison de ces farines avec de l'eau pure et l'environnement contr\\u00f4l\\u00e9 permet le d\\u00e9veloppement d'une levure m\\u00e8re riche en ar\\u00f4mes et en nuances uniques.\",\"margin\":\"xlarge\",\"margin_remove_top\":true,\"maxwidth\":\"xlarge\",\"maxwidth_breakpoint\":\"m\",\"text_align\":\"left\",\"text_align_breakpoint\":\"s\",\"text_align_fallback\":\"center\"}},{\"type\":\"image\",\"props\":{\"image\":\"wp-content\\\/uploads\\\/about-03.jpg\",\"image_svg_color\":\"emphasis\",\"image_width\":\"650\",\"margin\":\"default\"}}]},{\"type\":\"column\",\"props\":{\"image_position\":\"center-center\",\"order_first\":\"s\",\"position_sticky_breakpoint\":\"m\",\"width_small\":\"1-2\"},\"children\":[{\"type\":\"image\",\"props\":{\"image\":\"wp-content\\\/uploads\\\/about-02.jpg\",\"image_svg_color\":\"emphasis\",\"image_width\":\"650\",\"margin\":\"large\"}}]}]}]}],\"version\":\"4.5.4\"} --><\/p>\n","protected":false},"excerpt":{"rendered":"<p>nuestra materia prima Pan 100% masa madre Amamos lo que hacemos Nuestra masa madre se fermenta de manera natural y lenta, sin la intervenci\u00f3n de agentes qu\u00edmicos ni levaduras industriales, lo que no solo contribuye a un sabor incomparable, sino tambi\u00e9n a una textura esponjosa y una corteza crujiente. Este proceso artesanal no ser\u00eda posible [&hellip;]<\/p>\n","protected":false},"author":1,"featured_media":0,"parent":0,"menu_order":0,"comment_status":"closed","ping_status":"closed","template":"","meta":{"footnotes":""},"class_list":["post-1108","page","type-page","status-publish","hentry"],"yoast_head":"<!-- This site is optimized with the Yoast SEO plugin v27.4 - https:\/\/yoast.com\/product\/yoast-seo-wordpress\/ -->\n<title>Masa madre<\/title>\n<meta name=\"description\" content=\"nuestra materia prima Pan 100% masa madre Amamos lo que hacemos Nuestra masa madre se fermenta de manera natural y lenta, sin la intervenci\u00f3n de agentes qu\u00edmicos ni levaduras industriales, lo que no solo contribuye a un sabor incomparable, sino tambi\u00e9n a una textura esponjosa y una corteza crujiente. Este proceso artesanal no ser\u00eda posible\u2026\" \/>\n<meta name=\"robots\" content=\"index, follow, max-snippet:-1, max-image-preview:large, max-video-preview:-1\" \/>\n<link rel=\"canonical\" href=\"http:\/\/nuestra%20materia%20prima%20Pan%20100%%20masa%20madre%20Amamos%20lo%20que%20hacemos%20Nuestra%20masa%20madre%20se%20fermenta%20de%20manera%20natural%20y%20lenta,%20sin%20la%20intervenci\u00f3n%20de%20agentes%20qu\u00edmicos%20ni%20levaduras%20industriales,%20lo%20que%20no%20solo%20contribuye%20a%20un%20sabor%20incomparable,%20sino%20tambi\u00e9n%20a%20una%20textura%20esponjosa%20y%20una%20corteza%20crujiente.%20Este%20proceso%20artesanal%20no%20ser\u00eda%20posible\u2026\" \/>\n<meta property=\"og:locale\" content=\"fr_FR\" \/>\n<meta property=\"og:type\" content=\"article\" \/>\n<meta property=\"og:title\" content=\"Masa madre\" \/>\n<meta property=\"og:description\" content=\"nuestra materia prima Pan 100% masa madre Amamos lo que hacemos Nuestra masa madre se fermenta de manera natural y lenta, sin la intervenci\u00f3n de agentes qu\u00edmicos ni levaduras industriales, lo que no solo contribuye a un sabor incomparable, sino tambi\u00e9n a una textura esponjosa y una corteza crujiente. Este proceso artesanal no ser\u00eda posible\u2026\" \/>\n<meta property=\"og:url\" content=\"https:\/\/cafeteriabluewave.com\/fr\/masa-madre\/\" \/>\n<meta property=\"og:site_name\" content=\"Blue Wave Santa Pola\" \/>\n<meta property=\"article:modified_time\" content=\"2025-04-01T18:05:00+00:00\" \/>\n<meta property=\"og:image\" content=\"https:\/\/cafeteriabluewave.com\/wp-content\/uploads\/2024\/09\/cropped-Diseno-sin-titulo-2.jpg\" \/>\n\t<meta property=\"og:image:width\" content=\"512\" \/>\n\t<meta property=\"og:image:height\" content=\"512\" \/>\n\t<meta property=\"og:image:type\" content=\"image\/jpeg\" \/>\n<meta name=\"twitter:card\" content=\"summary_large_image\" \/>\n<meta name=\"twitter:label1\" content=\"Dur\u00e9e de lecture estim\u00e9e\" \/>\n\t<meta name=\"twitter:data1\" content=\"1 minute\" \/>\n<script type=\"application\/ld+json\" class=\"yoast-schema-graph\">{\"@context\":\"https:\\\/\\\/schema.org\",\"@graph\":[{\"@type\":\"WebPage\",\"@id\":\"https:\\\/\\\/cafeteriabluewave.com\\\/fr\\\/masa-madre\\\/\",\"url\":\"https:\\\/\\\/cafeteriabluewave.com\\\/fr\\\/masa-madre\\\/\",\"name\":\"Masa madre - Blue Wave Santa Pola\",\"isPartOf\":{\"@id\":\"https:\\\/\\\/cafeteriabluewave.com\\\/#website\"},\"datePublished\":\"2024-09-26T18:17:34+00:00\",\"dateModified\":\"2025-04-01T18:05:00+00:00\",\"breadcrumb\":{\"@id\":\"https:\\\/\\\/cafeteriabluewave.com\\\/fr\\\/masa-madre\\\/#breadcrumb\"},\"inLanguage\":\"fr-FR\",\"potentialAction\":[{\"@type\":\"ReadAction\",\"target\":[\"https:\\\/\\\/cafeteriabluewave.com\\\/fr\\\/masa-madre\\\/\"]}]},{\"@type\":\"BreadcrumbList\",\"@id\":\"https:\\\/\\\/cafeteriabluewave.com\\\/fr\\\/masa-madre\\\/#breadcrumb\",\"itemListElement\":[{\"@type\":\"ListItem\",\"position\":1,\"name\":\"INICIO\",\"item\":\"https:\\\/\\\/cafeteriabluewave.com\\\/\"},{\"@type\":\"ListItem\",\"position\":2,\"name\":\"Masa madre\"}]},{\"@type\":\"WebSite\",\"@id\":\"https:\\\/\\\/cafeteriabluewave.com\\\/fr\\\/#website\",\"url\":\"https:\\\/\\\/cafeteriabluewave.com\\\/fr\\\/\",\"name\":\"Blue Wave Santa\",\"description\":\"Brunch creativo en Santa Pola, en un ambiente acogedor y vibrante.\",\"publisher\":{\"@id\":\"https:\\\/\\\/cafeteriabluewave.com\\\/fr\\\/#organization\"},\"potentialAction\":[{\"@type\":\"SearchAction\",\"target\":{\"@type\":\"EntryPoint\",\"urlTemplate\":\"https:\\\/\\\/cafeteriabluewave.com\\\/fr\\\/?s={search_term_string}\"},\"query-input\":{\"@type\":\"PropertyValueSpecification\",\"valueRequired\":true,\"valueName\":\"search_term_string\"}}],\"inLanguage\":\"fr-FR\"},{\"@type\":\"Organization\",\"@id\":\"https:\\\/\\\/cafeteriabluewave.com\\\/fr\\\/#organization\",\"name\":\"Blue Wave Santa Pola\",\"url\":\"https:\\\/\\\/cafeteriabluewave.com\\\/fr\\\/\",\"logo\":{\"@type\":\"ImageObject\",\"inLanguage\":\"fr-FR\",\"@id\":\"https:\\\/\\\/cafeteriabluewave.com\\\/fr\\\/#\\\/schema\\\/logo\\\/image\\\/\",\"url\":\"http:\\\/\\\/cafeteriabluewave.com\\\/wp-content\\\/uploads\\\/2024\\\/09\\\/cropped-Diseno-sin-titulo-2-1.jpg\",\"contentUrl\":\"http:\\\/\\\/cafeteriabluewave.com\\\/wp-content\\\/uploads\\\/2024\\\/09\\\/cropped-Diseno-sin-titulo-2-1.jpg\",\"width\":512,\"height\":512,\"caption\":\"Blue Wave Santa Pola\"},\"image\":{\"@id\":\"https:\\\/\\\/cafeteriabluewave.com\\\/fr\\\/#\\\/schema\\\/logo\\\/image\\\/\"},\"sameAs\":[\"https:\\\/\\\/www.instagram.com\\\/bluewave_bybitacora\\\/\"]}]}<\/script>\n<!-- \/ Yoast SEO plugin. -->","yoast_head_json":{"title":"Masa madre","description":"nuestra materia prima Pan 100% masa madre Amamos lo que hacemos Nuestra masa madre se fermenta de manera natural y lenta, sin la intervenci\u00f3n de agentes qu\u00edmicos ni levaduras industriales, lo que no solo contribuye a un sabor incomparable, sino tambi\u00e9n a una textura esponjosa y una corteza crujiente. Este proceso artesanal no ser\u00eda posible\u2026","robots":{"index":"index","follow":"follow","max-snippet":"max-snippet:-1","max-image-preview":"max-image-preview:large","max-video-preview":"max-video-preview:-1"},"canonical":"nuestra materia prima Pan 100% masa madre Amamos lo que hacemos Nuestra masa madre se fermenta de manera natural y lenta, sin la intervenci\u00f3n de agentes qu\u00edmicos ni levaduras industriales, lo que no solo contribuye a un sabor incomparable, sino tambi\u00e9n a una textura esponjosa y una corteza crujiente. Este proceso artesanal no ser\u00eda posible\u2026","og_locale":"fr_FR","og_type":"article","og_title":"Masa madre","og_description":"nuestra materia prima Pan 100% masa madre Amamos lo que hacemos Nuestra masa madre se fermenta de manera natural y lenta, sin la intervenci\u00f3n de agentes qu\u00edmicos ni levaduras industriales, lo que no solo contribuye a un sabor incomparable, sino tambi\u00e9n a una textura esponjosa y una corteza crujiente. Este proceso artesanal no ser\u00eda posible\u2026","og_url":"https:\/\/cafeteriabluewave.com\/fr\/masa-madre\/","og_site_name":"Blue Wave Santa Pola","article_modified_time":"2025-04-01T18:05:00+00:00","og_image":[{"width":512,"height":512,"url":"https:\/\/cafeteriabluewave.com\/wp-content\/uploads\/2024\/09\/cropped-Diseno-sin-titulo-2.jpg","type":"image\/jpeg"}],"twitter_card":"summary_large_image","twitter_misc":{"Dur\u00e9e de lecture estim\u00e9e":"1 minute"},"schema":{"@context":"https:\/\/schema.org","@graph":[{"@type":"WebPage","@id":"https:\/\/cafeteriabluewave.com\/fr\/masa-madre\/","url":"https:\/\/cafeteriabluewave.com\/fr\/masa-madre\/","name":"Masa madre - Blue Wave Santa Pola","isPartOf":{"@id":"https:\/\/cafeteriabluewave.com\/#website"},"datePublished":"2024-09-26T18:17:34+00:00","dateModified":"2025-04-01T18:05:00+00:00","breadcrumb":{"@id":"https:\/\/cafeteriabluewave.com\/fr\/masa-madre\/#breadcrumb"},"inLanguage":"fr-FR","potentialAction":[{"@type":"ReadAction","target":["https:\/\/cafeteriabluewave.com\/fr\/masa-madre\/"]}]},{"@type":"BreadcrumbList","@id":"https:\/\/cafeteriabluewave.com\/fr\/masa-madre\/#breadcrumb","itemListElement":[{"@type":"ListItem","position":1,"name":"INICIO","item":"https:\/\/cafeteriabluewave.com\/"},{"@type":"ListItem","position":2,"name":"Masa madre"}]},{"@type":"WebSite","@id":"https:\/\/cafeteriabluewave.com\/fr\/#website","url":"https:\/\/cafeteriabluewave.com\/fr\/","name":"Blue Wave Santa","description":"Brunch creativo en Santa Pola, en un ambiente acogedor y vibrante.","publisher":{"@id":"https:\/\/cafeteriabluewave.com\/fr\/#organization"},"potentialAction":[{"@type":"SearchAction","target":{"@type":"EntryPoint","urlTemplate":"https:\/\/cafeteriabluewave.com\/fr\/?s={search_term_string}"},"query-input":{"@type":"PropertyValueSpecification","valueRequired":true,"valueName":"search_term_string"}}],"inLanguage":"fr-FR"},{"@type":"Organization","@id":"https:\/\/cafeteriabluewave.com\/fr\/#organization","name":"Blue Wave Santa Pola","url":"https:\/\/cafeteriabluewave.com\/fr\/","logo":{"@type":"ImageObject","inLanguage":"fr-FR","@id":"https:\/\/cafeteriabluewave.com\/fr\/#\/schema\/logo\/image\/","url":"http:\/\/cafeteriabluewave.com\/wp-content\/uploads\/2024\/09\/cropped-Diseno-sin-titulo-2-1.jpg","contentUrl":"http:\/\/cafeteriabluewave.com\/wp-content\/uploads\/2024\/09\/cropped-Diseno-sin-titulo-2-1.jpg","width":512,"height":512,"caption":"Blue Wave Santa Pola"},"image":{"@id":"https:\/\/cafeteriabluewave.com\/fr\/#\/schema\/logo\/image\/"},"sameAs":["https:\/\/www.instagram.com\/bluewave_bybitacora\/"]}]}},"_links":{"self":[{"href":"https:\/\/cafeteriabluewave.com\/fr\/wp-json\/wp\/v2\/pages\/1108","targetHints":{"allow":["GET"]}}],"collection":[{"href":"https:\/\/cafeteriabluewave.com\/fr\/wp-json\/wp\/v2\/pages"}],"about":[{"href":"https:\/\/cafeteriabluewave.com\/fr\/wp-json\/wp\/v2\/types\/page"}],"author":[{"embeddable":true,"href":"https:\/\/cafeteriabluewave.com\/fr\/wp-json\/wp\/v2\/users\/1"}],"replies":[{"embeddable":true,"href":"https:\/\/cafeteriabluewave.com\/fr\/wp-json\/wp\/v2\/comments?post=1108"}],"version-history":[{"count":13,"href":"https:\/\/cafeteriabluewave.com\/fr\/wp-json\/wp\/v2\/pages\/1108\/revisions"}],"predecessor-version":[{"id":2738,"href":"https:\/\/cafeteriabluewave.com\/fr\/wp-json\/wp\/v2\/pages\/1108\/revisions\/2738"}],"wp:attachment":[{"href":"https:\/\/cafeteriabluewave.com\/fr\/wp-json\/wp\/v2\/media?parent=1108"}],"curies":[{"name":"wp","href":"https:\/\/api.w.org\/{rel}","templated":true}]}}